{"id":2542,"date":"2026-02-12T11:56:10","date_gmt":"2026-02-12T10:56:10","guid":{"rendered":"https:\/\/alvid-consulting.com\/?page_id=2542"},"modified":"2026-02-12T12:01:32","modified_gmt":"2026-02-12T11:01:32","slug":"politique-de-confidentialite","status":"publish","type":"page","link":"https:\/\/alvid-consulting.com\/es\/politique-de-confidentialite\/","title":{"rendered":"Politique de confidentialit\u00e9"},"content":{"rendered":"<div data-elementor-type=\"wp-page\" data-elementor-id=\"2542\" class=\"elementor elementor-2542\" data-elementor-post-type=\"page\">\n\t\t\t\t<div class=\"elementor-element elementor-element-d32882d e-flex e-con-boxed e-con e-parent\" data-id=\"d32882d\" data-element_type=\"container\" data-e-type=\"container\">\n\t\t\t\t\t<div class=\"e-con-inner\">\n\t\t\t\t<div class=\"elementor-element elementor-element-7d3bf93 elementor-widget elementor-widget-text-editor\" data-id=\"7d3bf93\" data-element_type=\"widget\" data-e-type=\"widget\" data-widget_type=\"text-editor.default\">\n\t\t\t\t<div class=\"elementor-widget-container\">\n\t\t\t\t\t\t\t\t\t<h1><b>POLITIQUE DE CONFIDENTIALIT\u00c9<\/b><\/h1><h2><b>SAS ALVID CONSULTING<\/b><\/h2><p><i>Derni\u00e8re mise \u00e0 jour : F\u00e9vrier 2026<\/i><\/p><p><b>Article 1 \u2013 Introduction<\/b><\/p><p>La soci\u00e9t\u00e9 SAS ALVID CONSULTING (ci-apr\u00e8s \u00ab ALVID Consulting \u00bb ou \u00ab nous \u00bb) s\u2019engage \u00e0 prot\u00e9ger la vie priv\u00e9e des utilisateurs de son site internet https:\/\/alvid-consulting.com (ci-apr\u00e8s le \u00ab Site \u00bb).<\/p><p>La pr\u00e9sente politique de confidentialit\u00e9 a pour objet d\u2019informer les utilisateurs du Site sur la mani\u00e8re dont leurs donn\u00e9es personnelles sont collect\u00e9es, trait\u00e9es et prot\u00e9g\u00e9es, conform\u00e9ment au R\u00e8glement G\u00e9n\u00e9ral sur la Protection des Donn\u00e9es (RGPD \u2013 R\u00e8glement UE 2016\/679) et \u00e0 la loi n\u00b0 78-17 du 6 janvier 1978 modifi\u00e9e relative \u00e0 l\u2019informatique, aux fichiers et aux libert\u00e9s.<\/p><p><b>Article 2 \u2013 Identit\u00e9 du responsable de traitement<\/b><\/p><p><b>Raison sociale : <\/b>SAS ALVID CONSULTING<\/p><p><b>Repr\u00e9sentant l\u00e9gal : <\/b>Mustapha MOKHLISSE<\/p><p><b>Si\u00e8ge social : <\/b>6 Rue des Tuileries, 95360 Montmagny<\/p><p><b>SIREN : <\/b>913 579 942<\/p><p><b>RCS : <\/b>Pontoise B 913 579 942<\/p><p><b>Capital social : <\/b>1 000 \u20ac<\/p><p><b>T\u00e9l\u00e9phone : <\/b>+33 (0)6 82 39 62 64<\/p><p><b>Email : <\/b>contact@alvid-consulting.com<\/p><p><b>Article 3 \u2013 D\u00e9l\u00e9gu\u00e9 \u00e0 la protection des donn\u00e9es (DPO)<\/b><\/p><p>Le d\u00e9l\u00e9gu\u00e9 \u00e0 la protection des donn\u00e9es d\u00e9sign\u00e9 est :<\/p><p><b>Mustapha MOKHLISSE<\/b><\/p><p><b>Email : <\/b>contact@alvid-consulting.com<\/p><p>Pour toute question relative \u00e0 la protection de vos donn\u00e9es personnelles ou pour exercer vos droits, vous pouvez le contacter \u00e0 l\u2019adresse ci-dessus.<\/p><p><b>Article 4 \u2013 Donn\u00e9es personnelles collect\u00e9es<\/b><\/p><p>Dans le cadre de l\u2019utilisation du Site, ALVID Consulting est susceptible de collecter les cat\u00e9gories de donn\u00e9es personnelles suivantes :<\/p><p><b>4.1 \u2013 Donn\u00e9es collect\u00e9es directement aupr\u00e8s de l\u2019utilisateur<\/b><\/p><ul><li><b>Formulaire de contact : <\/b>nom, pr\u00e9nom, adresse email, num\u00e9ro de t\u00e9l\u00e9phone, objet et contenu du message.<\/li><li><b>Prise de rendez-vous en ligne : <\/b>nom, pr\u00e9nom, adresse email, et toute information fournie lors de la r\u00e9servation via le syst\u00e8me de prise de rendez-vous.<\/li><li><b>Commentaires sur le blog : <\/b>nom, adresse email, contenu du commentaire.<\/li><\/ul><p><b>4.2 \u2013 Donn\u00e9es collect\u00e9es automatiquement<\/b><\/p><ul><li><b>Donn\u00e9es de navigation : <\/b>adresse IP, type et version du navigateur, syst\u00e8me d\u2019exploitation, pages visit\u00e9es, dur\u00e9e de la visite, pages de provenance et de sortie.<\/li><li><b>Cookies et technologies similaires : <\/b>identifiants de session, pr\u00e9f\u00e9rences de navigation, donn\u00e9es analytiques (voir Article 9).<\/li><\/ul><p><b>Article 5 \u2013 Finalit\u00e9s et bases l\u00e9gales du traitement<\/b><\/p><p>Vos donn\u00e9es personnelles sont trait\u00e9es pour les finalit\u00e9s suivantes :<\/p><ul><li><b>R\u00e9pondre \u00e0 vos demandes de contact et de renseignements<\/b> \u2013 Base l\u00e9gale : ex\u00e9cution de mesures pr\u00e9contractuelles (article 6.1.b du RGPD).<\/li><li><b>G\u00e9rer les prises de rendez-vous<\/b> \u2013 Base l\u00e9gale : ex\u00e9cution de mesures pr\u00e9contractuelles (article 6.1.b du RGPD).<\/li><li><b>Am\u00e9liorer le Site et analyser sa fr\u00e9quentation<\/b> \u2013 Base l\u00e9gale : int\u00e9r\u00eat l\u00e9gitime d\u2019ALVID Consulting (article 6.1.f du RGPD).<\/li><li><b>Assurer la s\u00e9curit\u00e9 et le bon fonctionnement du Site<\/b> \u2013 Base l\u00e9gale : int\u00e9r\u00eat l\u00e9gitime (article 6.1.f du RGPD).<\/li><li><b>Respecter nos obligations l\u00e9gales et r\u00e9glementaires<\/b> \u2013 Base l\u00e9gale : obligation l\u00e9gale (article 6.1.c du RGPD).<\/li><\/ul><p><b>Article 6 \u2013 Destinataires des donn\u00e9es<\/b><\/p><p>Les donn\u00e9es personnelles collect\u00e9es sont destin\u00e9es aux seuls membres habilit\u00e9s d\u2019ALVID Consulting.<\/p><p>Elles peuvent \u00e9galement \u00eatre transmises aux prestataires suivants, agissant en qualit\u00e9 de sous-traitants :<\/p><ul><li><b>OVH SAS<\/b> (h\u00e9bergement du Site) \u2013 2 rue Kellermann, BP 80157, 59053 Roubaix Cedex 1.<\/li><li><b>Microsoft Corporation<\/b> (syst\u00e8me de prise de rendez-vous Outlook\/Bookings).<\/li><li>Tout autre prestataire technique intervenant dans la maintenance et l\u2019am\u00e9lioration du Site.<\/li><\/ul><p>ALVID Consulting s\u2019assure que ses sous-traitants pr\u00e9sentent des garanties suffisantes en mati\u00e8re de protection des donn\u00e9es personnelles.<\/p><p>Vos donn\u00e9es ne font l\u2019objet d\u2019aucune cession ni vente \u00e0 des tiers \u00e0 des fins commerciales.<\/p><p><b>Article 7 \u2013 Dur\u00e9e de conservation des donn\u00e9es<\/b><\/p><p>Les donn\u00e9es personnelles sont conserv\u00e9es pendant la dur\u00e9e strictement n\u00e9cessaire \u00e0 la r\u00e9alisation des finalit\u00e9s pour lesquelles elles ont \u00e9t\u00e9 collect\u00e9es :<\/p><ul><li><b>Donn\u00e9es de contact et de demandes : <\/b>3 ans \u00e0 compter du dernier contact avec l\u2019utilisateur.<\/li><li><b>Donn\u00e9es de prise de rendez-vous : <\/b>dur\u00e9e de la relation commerciale, puis 3 ans \u00e0 des fins de prospection.<\/li><li><b>Donn\u00e9es de navigation et cookies : <\/b>13 mois maximum conform\u00e9ment aux recommandations de la CNIL.<\/li><li><b>Donn\u00e9es n\u00e9cessaires au respect d\u2019obligations l\u00e9gales : <\/b>dur\u00e9e impos\u00e9e par la r\u00e9glementation applicable.<\/li><\/ul><p><b>Article 8 \u2013 Transfert de donn\u00e9es hors UE<\/b><\/p><p>En principe, vos donn\u00e9es personnelles sont trait\u00e9es au sein de l\u2019Union europ\u00e9enne. Toutefois, certains de nos prestataires (notamment Microsoft pour le syst\u00e8me de r\u00e9servation) peuvent \u00eatre amen\u00e9s \u00e0 transf\u00e9rer des donn\u00e9es en dehors de l\u2019UE.<\/p><p>Dans ce cas, ALVID Consulting s\u2019assure que des garanties appropri\u00e9es sont mises en place conform\u00e9ment au RGPD, telles que des clauses contractuelles types adopt\u00e9es par la Commission europ\u00e9enne ou une d\u00e9cision d\u2019ad\u00e9quation.<\/p><p><b>Article 9 \u2013 Cookies<\/b><\/p><p><b>9.1 \u2013 Qu\u2019est-ce qu\u2019un cookie ?<\/b><\/p><p>Un cookie est un petit fichier texte d\u00e9pos\u00e9 sur votre terminal (ordinateur, tablette, smartphone) lors de la consultation du Site. Il permet de stocker des informations relatives \u00e0 votre navigation.<\/p><p><b>9.2 \u2013 Types de cookies utilis\u00e9s<\/b><\/p><ul><li><b>Cookies strictement n\u00e9cessaires : <\/b>indispensables au fonctionnement du Site (gestion de session, pr\u00e9f\u00e9rences de consentement). Ils ne n\u00e9cessitent pas votre consentement.<\/li><li><b>Cookies analytiques \/ de mesure d\u2019audience : <\/b>utilis\u00e9s pour mesurer la fr\u00e9quentation et l\u2019utilisation du Site afin d\u2019en am\u00e9liorer le contenu et l\u2019ergonomie.<\/li><li><b>Cookies tiers : <\/b>d\u00e9pos\u00e9s par des services tiers int\u00e9gr\u00e9s au Site (r\u00e9seaux sociaux, outils de r\u00e9servation).<\/li><\/ul><p><b>9.3 \u2013 Gestion des cookies<\/b><\/p><p>Lors de votre premi\u00e8re visite sur le Site, un bandeau vous informe de la pr\u00e9sence de cookies et vous invite \u00e0 accepter ou refuser leur d\u00e9p\u00f4t. Aucun cookie non essentiel ne sera d\u00e9pos\u00e9 sans votre consentement pr\u00e9alable.<\/p><p>Vous pouvez \u00e0 tout moment modifier vos pr\u00e9f\u00e9rences en mati\u00e8re de cookies via les param\u00e8tres de votre navigateur ou via le module de gestion des cookies pr\u00e9sent sur le Site.<\/p><p>La dur\u00e9e de conservation des cookies est de 13 mois maximum.<\/p><p><b>Article 10 \u2013 Vos droits<\/b><\/p><p>Conform\u00e9ment au RGPD et \u00e0 la loi Informatique et Libert\u00e9s, vous disposez des droits suivants concernant vos donn\u00e9es personnelles :<\/p><ul><li><b>Droit d\u2019acc\u00e8s : <\/b>obtenir la confirmation que vos donn\u00e9es sont trait\u00e9es et en obtenir une copie.<\/li><li><b>Droit de rectification : <\/b>demander la correction de donn\u00e9es inexactes ou incompl\u00e8tes.<\/li><li><b>Droit \u00e0 l\u2019effacement : <\/b>demander la suppression de vos donn\u00e9es dans les conditions pr\u00e9vues par la r\u00e9glementation.<\/li><li><b>Droit \u00e0 la limitation du traitement : <\/b>demander la suspension du traitement de vos donn\u00e9es dans certains cas.<\/li><li><b>Droit \u00e0 la portabilit\u00e9 : <\/b>recevoir vos donn\u00e9es dans un format structur\u00e9 et lisible par machine.<\/li><li><b>Droit d\u2019opposition : <\/b>vous opposer au traitement de vos donn\u00e9es pour des motifs l\u00e9gitimes.<\/li><li><b>Droit de retirer votre consentement : <\/b>retirer \u00e0 tout moment votre consentement lorsque le traitement est fond\u00e9 sur celui-ci.<\/li><\/ul><p>Pour exercer ces droits, vous pouvez adresser votre demande par email \u00e0 : <b>contact@alvid-consulting.com<\/b> ou par courrier \u00e0 : <b>SAS ALVID CONSULTING \u2013 6 Rue des Tuileries, 95360 Montmagny<\/b>.<\/p><p>Nous nous engageons \u00e0 r\u00e9pondre \u00e0 votre demande dans un d\u00e9lai d\u2019un mois \u00e0 compter de sa r\u00e9ception. Ce d\u00e9lai peut \u00eatre prolong\u00e9 de deux mois suppl\u00e9mentaires en cas de complexit\u00e9 de la demande.<\/p><p>En cas de r\u00e9ponse insatisfaisante, vous avez la possibilit\u00e9 d\u2019introduire une r\u00e9clamation aupr\u00e8s de la Commission Nationale de l\u2019Informatique et des Libert\u00e9s (CNIL) : <b>www.cnil.fr<\/b>.<\/p><p><b>Article 11 \u2013 S\u00e9curit\u00e9 des donn\u00e9es<\/b><\/p><p>ALVID Consulting met en \u0153uvre les mesures techniques et organisationnelles appropri\u00e9es pour assurer la s\u00e9curit\u00e9 et la confidentialit\u00e9 de vos donn\u00e9es personnelles, et notamment pour emp\u00eacher leur acc\u00e8s non autoris\u00e9, leur perte, leur alt\u00e9ration ou leur divulgation.<\/p><p>Ces mesures incluent notamment le chiffrement des communications via le protocole HTTPS\/SSL, la limitation des acc\u00e8s aux donn\u00e9es aux seules personnes habilit\u00e9es, et la mise \u00e0 jour r\u00e9guli\u00e8re des syst\u00e8mes de s\u00e9curit\u00e9.<\/p><p><b>Article 12 \u2013 H\u00e9bergement des donn\u00e9es<\/b><\/p><p>Les donn\u00e9es personnelles collect\u00e9es via le Site sont h\u00e9berg\u00e9es par :<\/p><p><b>OVH SAS<\/b><\/p><p>2 rue Kellermann \u2013 BP 80157 \u2013 59053 Roubaix Cedex 1<\/p><p>T\u00e9l\u00e9phone : 1007<\/p><p>Les serveurs d\u2019OVH sont situ\u00e9s en France et dans l\u2019Union europ\u00e9enne.<\/p><p><b>Article 13 \u2013 Liens hypertextes vers des sites tiers<\/b><\/p><p>Le Site peut contenir des liens hypertextes renvoyant vers des sites internet tiers (notamment LinkedIn). ALVID Consulting n\u2019exerce aucun contr\u00f4le sur ces sites et d\u00e9cline toute responsabilit\u00e9 quant \u00e0 leurs pratiques en mati\u00e8re de protection des donn\u00e9es personnelles. Nous vous invitons \u00e0 consulter les politiques de confidentialit\u00e9 de ces sites tiers.<\/p><p><b>Article 14 \u2013 Modification de la politique de confidentialit\u00e9<\/b><\/p><p>ALVID Consulting se r\u00e9serve le droit de modifier la pr\u00e9sente politique de confidentialit\u00e9 \u00e0 tout moment afin de l\u2019adapter aux \u00e9volutions l\u00e9gislatives, r\u00e9glementaires ou techniques. La version en vigueur est celle accessible sur le Site. Nous vous invitons \u00e0 la consulter r\u00e9guli\u00e8rement.<\/p><p>En cas de modification substantielle, une notification sera affich\u00e9e sur le Site ou communiqu\u00e9e par tout moyen appropri\u00e9.<\/p><p><b>Article 15 \u2013 Droit applicable et juridiction comp\u00e9tente<\/b><\/p><p>La pr\u00e9sente politique de confidentialit\u00e9 est r\u00e9gie par le droit fran\u00e7ais. En cas de litige relatif \u00e0 l\u2019interpr\u00e9tation ou \u00e0 l\u2019ex\u00e9cution de la pr\u00e9sente politique, et \u00e0 d\u00e9faut de r\u00e9solution amiable, les tribunaux comp\u00e9tents de Pontoise seront seuls comp\u00e9tents.<\/p>\t\t\t\t\t\t\t\t<\/div>\n\t\t\t\t<\/div>\n\t\t\t\t\t<\/div>\n\t\t\t\t<\/div>\n\t\t\t\t<\/div>","protected":false},"excerpt":{"rendered":"<p>POLITIQUE DE CONFIDENTIALIT\u00c9 SAS ALVID CONSULTING Derni\u00e8re mise \u00e0 jour : F\u00e9vrier 2026 Article 1 \u2013 Introduction La soci\u00e9t\u00e9 SAS ALVID CONSULTING (ci-apr\u00e8s \u00ab ALVID Consulting \u00bb ou \u00ab nous \u00bb) s\u2019engage \u00e0 prot\u00e9ger la vie priv\u00e9e des utilisateurs de son site internet https:\/\/alvid-consulting.com (ci-apr\u00e8s le \u00ab Site \u00bb). La pr\u00e9sente politique de confidentialit\u00e9 a [&hellip;]<\/p>\n","protected":false},"author":7,"featured_media":0,"parent":0,"menu_order":0,"comment_status":"closed","ping_status":"closed","template":"elementor_header_footer","meta":{"footnotes":""},"class_list":["post-2542","page","type-page","status-publish","hentry"],"yoast_head":"<!-- This site is optimized with the Yoast SEO Premium plugin v24.7 (Yoast SEO v27.3) - https:\/\/yoast.com\/product\/yoast-seo-premium-wordpress\/ -->\n<title>Politique de confidentialit\u00e9 - Alvid Consulting<\/title>\n<meta name=\"robots\" content=\"index, follow, max-snippet:-1, max-image-preview:large, max-video-preview:-1\" \/>\n<link rel=\"canonical\" href=\"https:\/\/alvid-consulting.com\/es\/politique-de-confidentialite\/\" \/>\n<meta property=\"og:locale\" content=\"es_ES\" \/>\n<meta property=\"og:type\" content=\"article\" \/>\n<meta property=\"og:title\" content=\"Politique de confidentialit\u00e9\" \/>\n<meta property=\"og:description\" content=\"POLITIQUE DE CONFIDENTIALIT\u00c9 SAS ALVID CONSULTING Derni\u00e8re mise \u00e0 jour : F\u00e9vrier 2026 Article 1 \u2013 Introduction La soci\u00e9t\u00e9 SAS ALVID CONSULTING (ci-apr\u00e8s \u00ab ALVID Consulting \u00bb ou \u00ab nous \u00bb) s\u2019engage \u00e0 prot\u00e9ger la vie priv\u00e9e des utilisateurs de son site internet https:\/\/alvid-consulting.com (ci-apr\u00e8s le \u00ab Site \u00bb). La pr\u00e9sente politique de confidentialit\u00e9 a [&hellip;]\" \/>\n<meta property=\"og:url\" content=\"https:\/\/alvid-consulting.com\/es\/politique-de-confidentialite\/\" \/>\n<meta property=\"og:site_name\" content=\"Alvid Consulting\" \/>\n<meta property=\"article:modified_time\" content=\"2026-02-12T11:01:32+00:00\" \/>\n<meta name=\"twitter:card\" content=\"summary_large_image\" \/>\n<meta name=\"twitter:label1\" content=\"Tiempo de lectura\" \/>\n\t<meta name=\"twitter:data1\" content=\"7 minutos\" \/>\n<script type=\"application\/ld+json\" class=\"yoast-schema-graph\">{\"@context\":\"https:\\\/\\\/schema.org\",\"@graph\":[{\"@type\":\"WebPage\",\"@id\":\"https:\\\/\\\/alvid-consulting.com\\\/politique-de-confidentialite\\\/\",\"url\":\"https:\\\/\\\/alvid-consulting.com\\\/politique-de-confidentialite\\\/\",\"name\":\"Politique de confidentialit\u00e9 - Alvid Consulting\",\"isPartOf\":{\"@id\":\"https:\\\/\\\/alvid-consulting.com\\\/#website\"},\"datePublished\":\"2026-02-12T10:56:10+00:00\",\"dateModified\":\"2026-02-12T11:01:32+00:00\",\"breadcrumb\":{\"@id\":\"https:\\\/\\\/alvid-consulting.com\\\/politique-de-confidentialite\\\/#breadcrumb\"},\"inLanguage\":\"es\",\"potentialAction\":[{\"@type\":\"ReadAction\",\"target\":[\"https:\\\/\\\/alvid-consulting.com\\\/politique-de-confidentialite\\\/\"]}]},{\"@type\":\"BreadcrumbList\",\"@id\":\"https:\\\/\\\/alvid-consulting.com\\\/politique-de-confidentialite\\\/#breadcrumb\",\"itemListElement\":[{\"@type\":\"ListItem\",\"position\":1,\"name\":\"Accueil\",\"item\":\"https:\\\/\\\/alvid-consulting.com\\\/\"},{\"@type\":\"ListItem\",\"position\":2,\"name\":\"Politique de confidentialit\u00e9\"}]},{\"@type\":\"WebSite\",\"@id\":\"https:\\\/\\\/alvid-consulting.com\\\/#website\",\"url\":\"https:\\\/\\\/alvid-consulting.com\\\/\",\"name\":\"Alvid Consulting\",\"description\":\"Time is contractual capital. Strategy determines outcome.\",\"publisher\":{\"@id\":\"https:\\\/\\\/alvid-consulting.com\\\/#organization\"},\"potentialAction\":[{\"@type\":\"SearchAction\",\"target\":{\"@type\":\"EntryPoint\",\"urlTemplate\":\"https:\\\/\\\/alvid-consulting.com\\\/?s={search_term_string}\"},\"query-input\":{\"@type\":\"PropertyValueSpecification\",\"valueRequired\":true,\"valueName\":\"search_term_string\"}}],\"inLanguage\":\"es\"},{\"@type\":\"Organization\",\"@id\":\"https:\\\/\\\/alvid-consulting.com\\\/#organization\",\"name\":\"Alvid Consulting\",\"url\":\"https:\\\/\\\/alvid-consulting.com\\\/\",\"logo\":{\"@type\":\"ImageObject\",\"inLanguage\":\"es\",\"@id\":\"https:\\\/\\\/alvid-consulting.com\\\/#\\\/schema\\\/logo\\\/image\\\/\",\"url\":\"https:\\\/\\\/alvid-consulting.com\\\/wp-content\\\/uploads\\\/2026\\\/04\\\/Logo-ALVID.webp\",\"contentUrl\":\"https:\\\/\\\/alvid-consulting.com\\\/wp-content\\\/uploads\\\/2026\\\/04\\\/Logo-ALVID.webp\",\"width\":534,\"height\":501,\"caption\":\"Alvid Consulting\"},\"image\":{\"@id\":\"https:\\\/\\\/alvid-consulting.com\\\/#\\\/schema\\\/logo\\\/image\\\/\"}}]}<\/script>\n<!-- \/ Yoast SEO Premium plugin. -->","yoast_head_json":{"title":"Politique de confidentialit\u00e9 - Alvid Consulting","robots":{"index":"index","follow":"follow","max-snippet":"max-snippet:-1","max-image-preview":"max-image-preview:large","max-video-preview":"max-video-preview:-1"},"canonical":"https:\/\/alvid-consulting.com\/es\/politique-de-confidentialite\/","og_locale":"es_ES","og_type":"article","og_title":"Politique de confidentialit\u00e9","og_description":"POLITIQUE DE CONFIDENTIALIT\u00c9 SAS ALVID CONSULTING Derni\u00e8re mise \u00e0 jour : F\u00e9vrier 2026 Article 1 \u2013 Introduction La soci\u00e9t\u00e9 SAS ALVID CONSULTING (ci-apr\u00e8s \u00ab ALVID Consulting \u00bb ou \u00ab nous \u00bb) s\u2019engage \u00e0 prot\u00e9ger la vie priv\u00e9e des utilisateurs de son site internet https:\/\/alvid-consulting.com (ci-apr\u00e8s le \u00ab Site \u00bb). La pr\u00e9sente politique de confidentialit\u00e9 a [&hellip;]","og_url":"https:\/\/alvid-consulting.com\/es\/politique-de-confidentialite\/","og_site_name":"Alvid Consulting","article_modified_time":"2026-02-12T11:01:32+00:00","twitter_card":"summary_large_image","twitter_misc":{"Tiempo de lectura":"7 minutos"},"schema":{"@context":"https:\/\/schema.org","@graph":[{"@type":"WebPage","@id":"https:\/\/alvid-consulting.com\/politique-de-confidentialite\/","url":"https:\/\/alvid-consulting.com\/politique-de-confidentialite\/","name":"Politique de confidentialit\u00e9 - Alvid Consulting","isPartOf":{"@id":"https:\/\/alvid-consulting.com\/#website"},"datePublished":"2026-02-12T10:56:10+00:00","dateModified":"2026-02-12T11:01:32+00:00","breadcrumb":{"@id":"https:\/\/alvid-consulting.com\/politique-de-confidentialite\/#breadcrumb"},"inLanguage":"es","potentialAction":[{"@type":"ReadAction","target":["https:\/\/alvid-consulting.com\/politique-de-confidentialite\/"]}]},{"@type":"BreadcrumbList","@id":"https:\/\/alvid-consulting.com\/politique-de-confidentialite\/#breadcrumb","itemListElement":[{"@type":"ListItem","position":1,"name":"Accueil","item":"https:\/\/alvid-consulting.com\/"},{"@type":"ListItem","position":2,"name":"Politique de confidentialit\u00e9"}]},{"@type":"WebSite","@id":"https:\/\/alvid-consulting.com\/#website","url":"https:\/\/alvid-consulting.com\/","name":"Alvid Consulting","description":"El tiempo es capital contractual. La estrategia determina el resultado.","publisher":{"@id":"https:\/\/alvid-consulting.com\/#organization"},"potentialAction":[{"@type":"SearchAction","target":{"@type":"EntryPoint","urlTemplate":"https:\/\/alvid-consulting.com\/?s={search_term_string}"},"query-input":{"@type":"PropertyValueSpecification","valueRequired":true,"valueName":"search_term_string"}}],"inLanguage":"es"},{"@type":"Organization","@id":"https:\/\/alvid-consulting.com\/#organization","name":"Alvid Consulting","url":"https:\/\/alvid-consulting.com\/","logo":{"@type":"ImageObject","inLanguage":"es","@id":"https:\/\/alvid-consulting.com\/#\/schema\/logo\/image\/","url":"https:\/\/alvid-consulting.com\/wp-content\/uploads\/2026\/04\/Logo-ALVID.webp","contentUrl":"https:\/\/alvid-consulting.com\/wp-content\/uploads\/2026\/04\/Logo-ALVID.webp","width":534,"height":501,"caption":"Alvid Consulting"},"image":{"@id":"https:\/\/alvid-consulting.com\/#\/schema\/logo\/image\/"}}]}},"_links":{"self":[{"href":"https:\/\/alvid-consulting.com\/es\/wp-json\/wp\/v2\/pages\/2542","targetHints":{"allow":["GET"]}}],"collection":[{"href":"https:\/\/alvid-consulting.com\/es\/wp-json\/wp\/v2\/pages"}],"about":[{"href":"https:\/\/alvid-consulting.com\/es\/wp-json\/wp\/v2\/types\/page"}],"author":[{"embeddable":true,"href":"https:\/\/alvid-consulting.com\/es\/wp-json\/wp\/v2\/users\/7"}],"replies":[{"embeddable":true,"href":"https:\/\/alvid-consulting.com\/es\/wp-json\/wp\/v2\/comments?post=2542"}],"version-history":[{"count":0,"href":"https:\/\/alvid-consulting.com\/es\/wp-json\/wp\/v2\/pages\/2542\/revisions"}],"wp:attachment":[{"href":"https:\/\/alvid-consulting.com\/es\/wp-json\/wp\/v2\/media?parent=2542"}],"curies":[{"name":"wp","href":"https:\/\/api.w.org\/{rel}","templated":true}]}}